{"id":13428,"date":"2024-07-04T08:43:25","date_gmt":"2024-07-04T07:43:25","guid":{"rendered":"https:\/\/www.homme-cerebral.org\/2025\/?page_id=13428"},"modified":"2025-02-11T12:01:55","modified_gmt":"2025-02-11T12:01:55","slug":"elementor-13428","status":"publish","type":"page","link":"https:\/\/www.homme-cerebral.org\/2025\/?page_id=13428","title":{"rendered":"Introduction"},"content":{"rendered":"\t\t<div data-elementor-type=\"wp-page\" data-elementor-id=\"13428\" class=\"elementor elementor-13428\" data-elementor-post-type=\"page\">\n\t\t\t\t<div class=\"elementor-element elementor-element-8339c1c e-flex e-con-boxed e-con e-parent\" data-id=\"8339c1c\" data-element_type=\"container\">\n\t\t\t\t\t<div class=\"e-con-inner\">\n\t\t\t\t<div class=\"elementor-element elementor-element-759b9c5 elementor-widget elementor-widget-text-editor\" data-id=\"759b9c5\" data-element_type=\"widget\" data-widget_type=\"text-editor.default\">\n\t\t\t\t<div class=\"elementor-widget-container\">\n\t\t\t<style>\/*! elementor - v3.22.0 - 26-06-2024 *\/\n.elementor-widget-text-editor.elementor-drop-cap-view-stacked .elementor-drop-cap{background-color:#69727d;color:#fff}.elementor-widget-text-editor.elementor-drop-cap-view-framed .elementor-drop-cap{color:#69727d;border:3px solid;background-color:transparent}.elementor-widget-text-editor:not(.elementor-drop-cap-view-default) .elementor-drop-cap{margin-top:8px}.elementor-widget-text-editor:not(.elementor-drop-cap-view-default) .elementor-drop-cap-letter{width:1em;height:1em}.elementor-widget-text-editor .elementor-drop-cap{float:left;text-align:center;line-height:1;font-size:50px}.elementor-widget-text-editor .elementor-drop-cap-letter{display:inline-block}<\/style>\t\t\t\t<p><strong>La conscience dans tous ses \u00e9tats\u00a0:<\/strong><\/p>\t\t\t\t\t\t<\/div>\n\t\t\t\t<\/div>\n\t\t\t\t<div class=\"elementor-element elementor-element-1d90401 elementor-widget elementor-widget-text-editor\" data-id=\"1d90401\" data-element_type=\"widget\" data-widget_type=\"text-editor.default\">\n\t\t\t\t<div class=\"elementor-widget-container\">\n\t\t\t\t\t\t\t<p>Quoi de plus myst\u00e9rieux et \u00e9nigmatique que la conscience. Comment la d\u00e9finir\u00a0? Quelles en sont les bases biologiques qui nous permettent d\u2019\u00eatre acteurs et spectateurs de notre existence\u00a0? Est-ce qu\u2019il existe diff\u00e9rents types de conscience\u00a0? Comment les conditions pathologiques modifient-elles les \u00e9tats de conscience\u00a0? Qu\u2019en est-il du sommeil et des r\u00eaves\u00a0? Comment les m\u00e9dicaments et des drogues modifient-ils les \u00e9tats de conscience\u00a0?<\/p><p>Voil\u00e0 un faisceau de questions\u00a0 que se posent aujourd\u2019hui m\u00e9decins et chercheurs. La r\u00e9ponse \u00e0 ces questions n\u2019est pas seulement du ressort de la recherche en neurosciences, voire du questionnement des philosophes au centre duquel la conscience a nourri sp\u00e9culations et interrogations, mais surtout de la clinique, car de nombreuses conditions pathologiques se caract\u00e9risent par des \u00e9tats de conscience alt\u00e9r\u00e9s. La clinique peut en fait fournir une fen\u00eatre pour faire progresser la compr\u00e9hension de ce sujet et plus encore stimuler le d\u00e9veloppement d\u2019approches th\u00e9rapeutiques.<\/p><p>Des extraits de trois films aborderont des questions li\u00e9es \u00e0 la conscience \u00ab\u00a0dans tous ses \u00e9tats\u00a0\u00bb. Des cas de \u00ab\u00a0r\u00e9veil\u00a0\u00bb temporaire de patients plong\u00e9s dans un \u00e9tat l\u00e9thargique gr\u00e2ce \u00e0 un m\u00e9dicament d\u00e9velopp\u00e9 \u00e0 l\u2019\u00e9poque et toujours utilis\u00e9 pour la Maladie de Parkinson, seront illustr\u00e9s par le magnifique film Eveils avec Robert de Niro or Robin Williams, bas\u00e9 sur le livre du neurologue Oliver Sakcs. Traumatisme cr\u00e2nien, coma et cons\u00e9quences sur le comportement et la personnalit\u00e9 seront abord\u00e9s dans Bonhomme. Enfin, le tr\u00e8s troublant \u00ab\u00a0Inception\u00a0\u00bb nous plongera dans les m\u00e9andres du r\u00eave allant jusqu\u2019\u00e0 proposer la possibilit\u00e9 d\u2019interf\u00e9rer avec les r\u00eaves d\u2019une autre personne. R\u00eave ou r\u00e9alit\u00e9\u00a0?<\/p><p>Ces extraits seront comment\u00e9s et discut\u00e9s par les experts r\u00e9unis par la Fondation pour l\u2019\u00c9tude du Syst\u00e8me Nerveux Central et P\u00e9riph\u00e9rique (FESN) avec le soutien de Magnoglia, qui r\u00e9pondront \u00e9galement \u00e0 des questions du public.<\/p>\t\t\t\t\t\t<\/div>\n\t\t\t\t<\/div>\n\t\t\t\t<div class=\"elementor-element elementor-element-e61c71a elementor-widget elementor-widget-text-editor\" data-id=\"e61c71a\" data-element_type=\"widget\" data-widget_type=\"text-editor.default\">\n\t\t\t\t<div class=\"elementor-widget-container\">\n\t\t\t\t\t\t\t<p>Prof. Pierre Magistretti<\/p>\t\t\t\t\t\t<\/div>\n\t\t\t\t<\/div>\n\t\t\t\t<div class=\"elementor-element elementor-element-28715c6 elementor-widget elementor-widget-image\" data-id=\"28715c6\" data-element_type=\"widget\" data-widget_type=\"image.default\">\n\t\t\t\t<div class=\"elementor-widget-container\">\n\t\t\t<style>\/*! elementor - v3.22.0 - 26-06-2024 *\/\n.elementor-widget-image{text-align:center}.elementor-widget-image a{display:inline-block}.elementor-widget-image a img[src$=\".svg\"]{width:48px}.elementor-widget-image img{vertical-align:middle;display:inline-block}<\/style>\t\t\t\t\t\t\t\t\t\t<img decoding=\"async\" width=\"142\" height=\"142\" src=\"https:\/\/www.homme-cerebral.org\/2025\/wp-content\/uploads\/2024\/11\/Pierre-Magistretti-1.png\" class=\"attachment-large size-large wp-image-13829\" alt=\"\" srcset=\"https:\/\/www.homme-cerebral.org\/2025\/wp-content\/uploads\/2024\/11\/Pierre-Magistretti-1.png 142w, https:\/\/www.homme-cerebral.org\/2025\/wp-content\/uploads\/2024\/11\/Pierre-Magistretti-1-12x12.png 12w, https:\/\/www.homme-cerebral.org\/2025\/wp-content\/uploads\/2024\/11\/Pierre-Magistretti-1-75x75.png 75w\" sizes=\"(max-width: 142px) 100vw, 142px\" \/>\t\t\t\t\t\t\t\t\t\t\t\t\t<\/div>\n\t\t\t\t<\/div>\n\t\t\t\t\t<\/div>\n\t\t\t\t<\/div>\n\t\t\t\t<\/div>\n\t\t\r\n<!-- WeMeet Web(R) - Gange - All rights reserved: 2010 - 2025, plug-in for WordPress by Lena Group, https:\/\/lenagroup.net -->\r\n<div id=\"idGangeCookiesDiv1\" class=\"gange_CookiesDiv1\"><div id=\"idGangeCookiesDiv2\" class=\"gange_CookiesDiv2\"><form id=\"idGangeCookiesForm\" name=\"GangeCookiesForm\" action=\"#\" method=\"post\"><span id=\"idGangeCookiesSpan1\" class=\"gange_CookiesSpan1\">Nous utilisons des cookies pour vous garantir la meilleure exp\u00e9rience sur notre site Web.<\/span><span id=\"idGangeCookiesSpan2\" class=\"gange_CookiesSpan2\">Nous utilisons des cookies pour am\u00e9liorer l'analyse de nos services.<br>Vous pouvez autoriser ou bloquer les cookies en cliquant sur la case \u00e0 cocher situ\u00e9e \u00e0 droite de chaque cookie.<br><a href='https:\/\/lenagroup.net\/other\/cookies-policy\/' target='_blank'>Consultez notre politique de cookies<\/a>.<br>Google Analytics, J'accepte:<input id=\"idGangeCookiesAnalytics\" name=\"idGangeCookiesAnalytics\" type=\"checkbox\" checked=\"checked\" value=\"1\"><\/span><span id=\"idGangeCookiesSpanSubmit\" class=\"gange_CookiesSpanSubmit\"><input id=\"idGangeCookiesTag\" name=\"idGangeCookiesTag\" type=\"hidden\" value=\"##COOKIESGANGE##\"><input id=\"idGangeCookiesSubmit\" name=\"idGangeCookiesSubmit\" type=\"submit\" class=\"gange_CookiesSubmit\" value=\"Mettre \u00e0 jour mes pr\u00e9f\u00e9rences\"><\/span><\/form><\/div><\/div><script type=\"text\/javascript\"> $('body').css('overflow','hidden'); <\/script>\r\n<!-- WeMeet Web(R) - Gange - All rights reserved: 2010 - 2025, plug-in for WordPress by Lena Group, https:\/\/lenagroup.net -->\r\n <script type=\"text\/javascript\"> if (typeof(f_tFlgVISA) === typeof(Function))  \tf_tFlgVISA(null);  if (typeof(f_tFlgAllergia) === typeof(Function))  \tf_tFlgAllergia(null);  if (typeof(f_IDTipologia) === typeof(Function)) {  \tvar eObjTYPE = document.getElementById(\"id_IDTipologia\");  \tf_IDTipologia(eObjTYPE);  }  if (typeof(f_IDAttivita) === typeof(Function)) {  \tvar etFlgActivity = document.getElementById(\"id_IDAttivita\");  \tf_IDAttivita(etFlgActivity);  }  if (typeof(f_IDNazionalita) === typeof(Function)) {  \tvar etFlgNazionalita = document.getElementById(\"id_IDNazionalita\");  \tf_IDNazionalita(etFlgNazionalita);  }  if (typeof(f_IndFattIDNazione) === typeof(Function))  \tf_IndFattIDNazione(null);  if (typeof(f_IDDomanda15157) === typeof(Function)) {  \tvar etFlgDomanda15157 = document.getElementById(\"id_IDDomanda15157\");  \tif (etFlgDomanda15157 != null) {  \t\tf_IDDomanda15157(etFlgDomanda15157);  \t}  }  if (typeof(f_IDDomanda15162) === typeof(Function)) {  \tvar etFlgDomanda15162 = document.getElementById(\"id_IDDomanda15162\");  \tif (etFlgDomanda15162 != null) {  \t\tf_IDDomanda15162(etFlgDomanda15162);  \t}  }  if (typeof(f_IDDomanda15160) === typeof(Function)) {  \tvar etFlgDomanda15160 = document.getElementById(\"id_IDDomanda15160\");  \tif (etFlgDomanda15160 != null) {  \t\tf_IDDomanda15160(etFlgDomanda15160);  \t}  }  if (typeof(f_IDDomanda15171) === typeof(Function)) {  \tvar etFlgDomanda15171 = document.getElementById(\"id_IDDomanda15171\");  \tif (etFlgDomanda15171 != null) {  \t\tf_IDDomanda15171(etFlgDomanda15171);  \t}  }  if (typeof(f_IDDomanda15204) === typeof(Function)) {  \tvar etFlgDomanda15204 = document.getElementById(\"id_IDDomanda15204\");  \tif (etFlgDomanda15204 != null) {  \t\tf_IDDomanda15204(etFlgDomanda15204);  \t}  }  if (typeof(f_IDDomanda15169) === typeof(Function)) {  \tvar etFlgDomanda15169 = document.getElementById(\"id_IDDomanda15169\");  \tif (etFlgDomanda15169 != null) {  \t\tf_IDDomanda15169(etFlgDomanda15169);  \t}  }  <\/script>","protected":false},"excerpt":{"rendered":"<p>La conscience dans tous ses \u00e9tats\u00a0: Quoi de plus myst\u00e9rieux et \u00e9nigmatique que la conscience. Comment la d\u00e9finir\u00a0? Quelles en sont les bases biologiques qui nous permettent d\u2019\u00eatre acteurs et spectateurs de notre existence\u00a0? Est-ce qu\u2019il existe diff\u00e9rents types de&#8230;<\/p>\n","protected":false},"author":2,"featured_media":0,"parent":0,"menu_order":0,"comment_status":"closed","ping_status":"closed","template":"","meta":{"iawp_total_views":169,"footnotes":""},"class_list":["post-13428","page","type-page","status-publish","hentry"],"_links":{"self":[{"href":"https:\/\/www.homme-cerebral.org\/2025\/index.php?rest_route=\/wp\/v2\/pages\/13428","targetHints":{"allow":["GET"]}}],"collection":[{"href":"https:\/\/www.homme-cerebral.org\/2025\/index.php?rest_route=\/wp\/v2\/pages"}],"about":[{"href":"https:\/\/www.homme-cerebral.org\/2025\/index.php?rest_route=\/wp\/v2\/types\/page"}],"author":[{"embeddable":true,"href":"https:\/\/www.homme-cerebral.org\/2025\/index.php?rest_route=\/wp\/v2\/users\/2"}],"replies":[{"embeddable":true,"href":"https:\/\/www.homme-cerebral.org\/2025\/index.php?rest_route=%2Fwp%2Fv2%2Fcomments&post=13428"}],"version-history":[{"count":11,"href":"https:\/\/www.homme-cerebral.org\/2025\/index.php?rest_route=\/wp\/v2\/pages\/13428\/revisions"}],"predecessor-version":[{"id":13962,"href":"https:\/\/www.homme-cerebral.org\/2025\/index.php?rest_route=\/wp\/v2\/pages\/13428\/revisions\/13962"}],"wp:attachment":[{"href":"https:\/\/www.homme-cerebral.org\/2025\/index.php?rest_route=%2Fwp%2Fv2%2Fmedia&parent=13428"}],"curies":[{"name":"wp","href":"https:\/\/api.w.org\/{rel}","templated":true}]}}