{"id":13438,"date":"2024-07-04T08:47:35","date_gmt":"2024-07-04T07:47:35","guid":{"rendered":"https:\/\/www.homme-cerebral.org\/2025\/?page_id=13438"},"modified":"2024-10-28T11:19:57","modified_gmt":"2024-10-28T11:19:57","slug":"editions-precedentes","status":"publish","type":"page","link":"https:\/\/www.homme-cerebral.org\/2025\/?page_id=13438","title":{"rendered":"\u00c9ditions pr\u00e9c\u00e9dentes"},"content":{"rendered":"\t\t<div data-elementor-type=\"wp-page\" data-elementor-id=\"13438\" class=\"elementor elementor-13438\" data-elementor-post-type=\"page\">\n\t\t\t\t<div class=\"elementor-element elementor-element-23d8216 e-flex e-con-boxed e-con e-parent\" data-id=\"23d8216\" data-element_type=\"container\">\n\t\t\t\t\t<div class=\"e-con-inner\">\n\t\t\t\t<div class=\"elementor-element elementor-element-ac208b1 elementor-widget elementor-widget-theme-post-featured-image elementor-widget-image\" data-id=\"ac208b1\" data-element_type=\"widget\" data-widget_type=\"theme-post-featured-image.default\">\n\t\t\t\t<div class=\"elementor-widget-container\">\n\t\t\t<style>\/*! elementor - v3.22.0 - 26-06-2024 *\/\n.elementor-widget-image{text-align:center}.elementor-widget-image a{display:inline-block}.elementor-widget-image a img[src$=\".svg\"]{width:48px}.elementor-widget-image img{vertical-align:middle;display:inline-block}<\/style>\t\t\t\t\t\t\t\t\t\t<img decoding=\"async\" src=\"https:\/\/www.homme-cerebral.org\/\" title=\"\" alt=\"\" loading=\"lazy\" \/>\t\t\t\t\t\t\t\t\t\t\t\t\t<\/div>\n\t\t\t\t<\/div>\n\t\t\t\t<div class=\"elementor-element elementor-element-09214d5 elementor-widget elementor-widget-image\" data-id=\"09214d5\" data-element_type=\"widget\" data-widget_type=\"image.default\">\n\t\t\t\t<div class=\"elementor-widget-container\">\n\t\t\t\t\t\t\t\t\t\t\t\t\t\t<a href=\"https:\/\/www.homme-cerebral.org\/\" target=\"_blank\">\n\t\t\t\t\t\t\t<img fetchpriority=\"high\" decoding=\"async\" width=\"640\" height=\"189\" src=\"https:\/\/www.homme-cerebral.org\/2025\/wp-content\/uploads\/2024\/07\/BannerWeb_HommeCerebral2025-1024x303.jpg\" class=\"elementor-animation-grow attachment-large size-large wp-image-13555\" alt=\"\" srcset=\"https:\/\/www.homme-cerebral.org\/2025\/wp-content\/uploads\/2024\/07\/BannerWeb_HommeCerebral2025-1024x303.jpg 1024w, https:\/\/www.homme-cerebral.org\/2025\/wp-content\/uploads\/2024\/07\/BannerWeb_HommeCerebral2025-300x89.jpg 300w, https:\/\/www.homme-cerebral.org\/2025\/wp-content\/uploads\/2024\/07\/BannerWeb_HommeCerebral2025-768x228.jpg 768w, https:\/\/www.homme-cerebral.org\/2025\/wp-content\/uploads\/2024\/07\/BannerWeb_HommeCerebral2025-1536x455.jpg 1536w, https:\/\/www.homme-cerebral.org\/2025\/wp-content\/uploads\/2024\/07\/BannerWeb_HommeCerebral2025.jpg 1900w\" sizes=\"(max-width: 640px) 100vw, 640px\" \/>\t\t\t\t\t\t\t\t<\/a>\n\t\t\t\t\t\t\t\t\t\t\t\t\t<\/div>\n\t\t\t\t<\/div>\n\t\t\t\t<div class=\"elementor-element elementor-element-5c7878e elementor-widget elementor-widget-text-editor\" data-id=\"5c7878e\" data-element_type=\"widget\" data-widget_type=\"text-editor.default\">\n\t\t\t\t<div class=\"elementor-widget-container\">\n\t\t\t<style>\/*! elementor - v3.22.0 - 26-06-2024 *\/\n.elementor-widget-text-editor.elementor-drop-cap-view-stacked .elementor-drop-cap{background-color:#69727d;color:#fff}.elementor-widget-text-editor.elementor-drop-cap-view-framed .elementor-drop-cap{color:#69727d;border:3px solid;background-color:transparent}.elementor-widget-text-editor:not(.elementor-drop-cap-view-default) .elementor-drop-cap{margin-top:8px}.elementor-widget-text-editor:not(.elementor-drop-cap-view-default) .elementor-drop-cap-letter{width:1em;height:1em}.elementor-widget-text-editor .elementor-drop-cap{float:left;text-align:center;line-height:1;font-size:50px}.elementor-widget-text-editor .elementor-drop-cap-letter{display:inline-block}<\/style>\t\t\t\t<div class=\"style-properties matched-styles monospace\"><div class=\"tree-outline-disclosure\"><p>Retrouvez les \u00e9ditions pr\u00e9c\u00e9dentes en cliquant sur le lien suivant\u00a0:<\/p><p><a href=\"https:\/\/www.homme-cerebral.org\/\">https:\/\/www.homme-cerebral.org\/<\/a><\/p><\/div><\/div>\t\t\t\t\t\t<\/div>\n\t\t\t\t<\/div>\n\t\t\t\t\t<\/div>\n\t\t\t\t<\/div>\n\t\t\t\t<\/div>\n\t\t\r\n<!-- WeMeet Web(R) - Gange - All rights reserved: 2010 - 2025, plug-in for WordPress by Lena Group, https:\/\/lenagroup.net -->\r\n<div id=\"idGangeCookiesDiv1\" class=\"gange_CookiesDiv1\"><div id=\"idGangeCookiesDiv2\" class=\"gange_CookiesDiv2\"><form id=\"idGangeCookiesForm\" name=\"GangeCookiesForm\" action=\"#\" method=\"post\"><span id=\"idGangeCookiesSpan1\" class=\"gange_CookiesSpan1\">Nous utilisons des cookies pour vous garantir la meilleure exp\u00e9rience sur notre site Web.<\/span><span id=\"idGangeCookiesSpan2\" class=\"gange_CookiesSpan2\">Nous utilisons des cookies pour am\u00e9liorer l'analyse de nos services.<br>Vous pouvez autoriser ou bloquer les cookies en cliquant sur la case \u00e0 cocher situ\u00e9e \u00e0 droite de chaque cookie.<br><a href='https:\/\/lenagroup.net\/other\/cookies-policy\/' target='_blank'>Consultez notre politique de cookies<\/a>.<br>Google Analytics, J'accepte:<input id=\"idGangeCookiesAnalytics\" name=\"idGangeCookiesAnalytics\" type=\"checkbox\" checked=\"checked\" value=\"1\"><\/span><span id=\"idGangeCookiesSpanSubmit\" class=\"gange_CookiesSpanSubmit\"><input id=\"idGangeCookiesTag\" name=\"idGangeCookiesTag\" type=\"hidden\" value=\"##COOKIESGANGE##\"><input id=\"idGangeCookiesSubmit\" name=\"idGangeCookiesSubmit\" type=\"submit\" class=\"gange_CookiesSubmit\" value=\"Mettre \u00e0 jour mes pr\u00e9f\u00e9rences\"><\/span><\/form><\/div><\/div><script type=\"text\/javascript\"> $('body').css('overflow','hidden'); <\/script>\r\n<!-- WeMeet Web(R) - Gange - All rights reserved: 2010 - 2025, plug-in for WordPress by Lena Group, https:\/\/lenagroup.net -->\r\n <script type=\"text\/javascript\"> if (typeof(f_tFlgVISA) === typeof(Function))  \tf_tFlgVISA(null);  if (typeof(f_tFlgAllergia) === typeof(Function))  \tf_tFlgAllergia(null);  if (typeof(f_IDTipologia) === typeof(Function)) {  \tvar eObjTYPE = document.getElementById(\"id_IDTipologia\");  \tf_IDTipologia(eObjTYPE);  }  if (typeof(f_IDAttivita) === typeof(Function)) {  \tvar etFlgActivity = document.getElementById(\"id_IDAttivita\");  \tf_IDAttivita(etFlgActivity);  }  if (typeof(f_IDNazionalita) === typeof(Function)) {  \tvar etFlgNazionalita = document.getElementById(\"id_IDNazionalita\");  \tf_IDNazionalita(etFlgNazionalita);  }  if (typeof(f_IndFattIDNazione) === typeof(Function))  \tf_IndFattIDNazione(null);  if (typeof(f_IDDomanda15157) === typeof(Function)) {  \tvar etFlgDomanda15157 = document.getElementById(\"id_IDDomanda15157\");  \tif (etFlgDomanda15157 != null) {  \t\tf_IDDomanda15157(etFlgDomanda15157);  \t}  }  if (typeof(f_IDDomanda15162) === typeof(Function)) {  \tvar etFlgDomanda15162 = document.getElementById(\"id_IDDomanda15162\");  \tif (etFlgDomanda15162 != null) {  \t\tf_IDDomanda15162(etFlgDomanda15162);  \t}  }  if (typeof(f_IDDomanda15160) === typeof(Function)) {  \tvar etFlgDomanda15160 = document.getElementById(\"id_IDDomanda15160\");  \tif (etFlgDomanda15160 != null) {  \t\tf_IDDomanda15160(etFlgDomanda15160);  \t}  }  if (typeof(f_IDDomanda15171) === typeof(Function)) {  \tvar etFlgDomanda15171 = document.getElementById(\"id_IDDomanda15171\");  \tif (etFlgDomanda15171 != null) {  \t\tf_IDDomanda15171(etFlgDomanda15171);  \t}  }  if (typeof(f_IDDomanda15204) === typeof(Function)) {  \tvar etFlgDomanda15204 = document.getElementById(\"id_IDDomanda15204\");  \tif (etFlgDomanda15204 != null) {  \t\tf_IDDomanda15204(etFlgDomanda15204);  \t}  }  if (typeof(f_IDDomanda15169) === typeof(Function)) {  \tvar etFlgDomanda15169 = document.getElementById(\"id_IDDomanda15169\");  \tif (etFlgDomanda15169 != null) {  \t\tf_IDDomanda15169(etFlgDomanda15169);  \t}  }  <\/script>","protected":false},"excerpt":{"rendered":"<p>Retrouvez les \u00e9ditions pr\u00e9c\u00e9dentes en cliquant sur le lien suivant\u00a0: https:\/\/www.homme-cerebral.org\/ Nous utilisons des cookies pour vous garantir la meilleure exp\u00e9rience sur notre site Web.Nous utilisons des cookies pour am\u00e9liorer l&rsquo;analyse de nos services.Vous pouvez autoriser ou bloquer les cookies&#8230;<\/p>\n","protected":false},"author":2,"featured_media":0,"parent":0,"menu_order":0,"comment_status":"closed","ping_status":"closed","template":"","meta":{"iawp_total_views":54,"footnotes":""},"class_list":["post-13438","page","type-page","status-publish","hentry"],"_links":{"self":[{"href":"https:\/\/www.homme-cerebral.org\/2025\/index.php?rest_route=\/wp\/v2\/pages\/13438","targetHints":{"allow":["GET"]}}],"collection":[{"href":"https:\/\/www.homme-cerebral.org\/2025\/index.php?rest_route=\/wp\/v2\/pages"}],"about":[{"href":"https:\/\/www.homme-cerebral.org\/2025\/index.php?rest_route=\/wp\/v2\/types\/page"}],"author":[{"embeddable":true,"href":"https:\/\/www.homme-cerebral.org\/2025\/index.php?rest_route=\/wp\/v2\/users\/2"}],"replies":[{"embeddable":true,"href":"https:\/\/www.homme-cerebral.org\/2025\/index.php?rest_route=%2Fwp%2Fv2%2Fcomments&post=13438"}],"version-history":[{"count":10,"href":"https:\/\/www.homme-cerebral.org\/2025\/index.php?rest_route=\/wp\/v2\/pages\/13438\/revisions"}],"predecessor-version":[{"id":13619,"href":"https:\/\/www.homme-cerebral.org\/2025\/index.php?rest_route=\/wp\/v2\/pages\/13438\/revisions\/13619"}],"wp:attachment":[{"href":"https:\/\/www.homme-cerebral.org\/2025\/index.php?rest_route=%2Fwp%2Fv2%2Fmedia&parent=13438"}],"curies":[{"name":"wp","href":"https:\/\/api.w.org\/{rel}","templated":true}]}}