{"id":13446,"date":"2024-07-04T08:49:16","date_gmt":"2024-07-04T07:49:16","guid":{"rendered":"https:\/\/www.homme-cerebral.org\/2025\/?page_id=13446"},"modified":"2025-02-11T12:21:59","modified_gmt":"2025-02-11T12:21:59","slug":"parrainages","status":"publish","type":"page","link":"https:\/\/www.homme-cerebral.org\/2025\/?page_id=13446","title":{"rendered":"PARRAINAGES"},"content":{"rendered":"\t\t<div data-elementor-type=\"wp-page\" data-elementor-id=\"13446\" class=\"elementor elementor-13446\" data-elementor-post-type=\"page\">\n\t\t\t\t<div class=\"elementor-element elementor-element-cbda007 e-flex e-con-boxed e-con e-parent\" data-id=\"cbda007\" data-element_type=\"container\">\n\t\t\t\t\t<div class=\"e-con-inner\">\n\t\t\t\t<div class=\"elementor-element elementor-element-7c655e7 elementor-widget elementor-widget-shortcode\" data-id=\"7c655e7\" data-element_type=\"widget\" data-widget_type=\"shortcode.default\">\n\t\t\t\t<div class=\"elementor-widget-container\">\n\t\t\t\t\t<div class=\"elementor-shortcode\"><table class=\"gange_style_sessionplan_nSponsor_t_2\"><tr class=\"gange_style_sessionplan_nSponsor_tr_2_Titolo\"><td class=\"gange_style_sessionplan_nSponsor_td_2_Titolo\" colspan=2><H1 class=\"gange_style_sessionplan_nSponsor_2_Titolo_11143\">-<\/H1><\/td><\/tr><tr class=\"gange_style_sessionplan_nSponsor_tr_2_tr\"><td class=\"gange_style_sessionplan_nSponsor_td_2_Photo\"><a class=\"gange_style_sessionplan_nSponsor_2_link\" target=\"_blank\" href=\"https:\/\/ampa-monaco.com\/fr\"><img decoding=\"async\" alt=\"Association Mon\u00e9gasque pour la Recherche sur la Maladie d'Alzheimer\" src=\"https:\/\/xmlapp.lenagroup.eu\/gange\/9220\/images\/197.png\" width=\"auto\" height=\"150\"\/><\/a><\/td><td class=\"gange_style_sessionplan_nSponsor_td_2_Info\"><SPAN class=\"gange_style_sessionplan_nSponsor_2_CompanyName\"><H1 class=\"gange_style_sessionplan_nSponsor_2_Titolo_11143\">Association Mon\u00e9gasque pour la Recherche sur la Maladie d'Alzheimer<\/H1><\/SPAN><SPAN class=\"gange_style_sessionplan_nSponsor_2_info2\"><BR><SPAN class=\"gange_style_sessionplan_nSponsor_td_2_Tel\"><br><\/SPAN><a class=\"gange_style_sessionplan_nSponsor_2_link\" target=\"_blank\" href=\"https:\/\/ampa-monaco.com\/fr\">https:\/\/ampa-monaco.com\/fr<\/a><br><BR><SPAN class=\"gange_style_sessionplan_nSponsor_td_2_Nationality\">-<br><\/SPAN><BR><\/SPAN><\/td><\/tr><tr class=\"gange_style_sessionplan_nSponsor_tr_2_tr\"><td class=\"gange_style_sessionplan_nSponsor_td_2_Photo\"><a class=\"gange_style_sessionplan_nSponsor_2_link\" target=\"_blank\" href=\"https:\/\/www.chpg.mc\"><img decoding=\"async\" alt=\"Centre Hospitalier Princesse Grace\" src=\"https:\/\/xmlapp.lenagroup.eu\/gange\/9220\/images\/304.png\" width=\"auto\" height=\"150\"\/><\/a><\/td><td class=\"gange_style_sessionplan_nSponsor_td_2_Info\"><SPAN class=\"gange_style_sessionplan_nSponsor_2_CompanyName\"><H1 class=\"gange_style_sessionplan_nSponsor_2_Titolo_11143\">Centre Hospitalier Princesse Grace<\/H1><\/SPAN><SPAN class=\"gange_style_sessionplan_nSponsor_2_info2\"><BR><SPAN class=\"gange_style_sessionplan_nSponsor_td_2_Tel\"><br><\/SPAN><a class=\"gange_style_sessionplan_nSponsor_2_link\" target=\"_blank\" href=\"https:\/\/www.chpg.mc\">https:\/\/www.chpg.mc<\/a><br><BR><SPAN class=\"gange_style_sessionplan_nSponsor_td_2_Nationality\">-<br><\/SPAN><BR><\/SPAN><\/td><\/tr><tr class=\"gange_style_sessionplan_nSponsor_tr_2_tr\"><td class=\"gange_style_sessionplan_nSponsor_td_2_Photo\"><a class=\"gange_style_sessionplan_nSponsor_2_link\" target=\"_blank\" href=\"https:\/\/www.centrescientifique.mc\/fr\"><img decoding=\"async\" alt=\"Centre Scientifique de Monaco\" src=\"https:\/\/xmlapp.lenagroup.eu\/gange\/9220\/images\/232.PNG\" width=\"auto\" height=\"150\"\/><\/a><\/td><td class=\"gange_style_sessionplan_nSponsor_td_2_Info\"><SPAN class=\"gange_style_sessionplan_nSponsor_2_CompanyName\"><H1 class=\"gange_style_sessionplan_nSponsor_2_Titolo_11143\">Centre Scientifique de Monaco<\/H1><\/SPAN><SPAN class=\"gange_style_sessionplan_nSponsor_2_info2\"><BR><SPAN class=\"gange_style_sessionplan_nSponsor_td_2_Tel\"><br><\/SPAN><a class=\"gange_style_sessionplan_nSponsor_2_link\" target=\"_blank\" href=\"https:\/\/www.centrescientifique.mc\/fr\">https:\/\/www.centrescientifique.mc\/fr<\/a><br><BR><SPAN class=\"gange_style_sessionplan_nSponsor_td_2_Nationality\">-<br><\/SPAN><BR><\/SPAN><\/td><\/tr><tr class=\"gange_style_sessionplan_nSponsor_tr_2_tr\"><td class=\"gange_style_sessionplan_nSponsor_td_2_Photo\"><a class=\"gange_style_sessionplan_nSponsor_2_link\" target=\"_blank\" href=\"https:\/\/www.ffn-neurologie.fr\"><img decoding=\"async\" alt=\"F\u00e9d\u00e9ration Fran\u00e7aise de Neurologie\" src=\"https:\/\/xmlapp.lenagroup.eu\/gange\/9220\/images\/196.png\" width=\"auto\" height=\"150\"\/><\/a><\/td><td class=\"gange_style_sessionplan_nSponsor_td_2_Info\"><SPAN class=\"gange_style_sessionplan_nSponsor_2_CompanyName\"><H1 class=\"gange_style_sessionplan_nSponsor_2_Titolo_11143\">F\u00e9d\u00e9ration Fran\u00e7aise de Neurologie<\/H1><\/SPAN><SPAN class=\"gange_style_sessionplan_nSponsor_2_info2\"><BR><SPAN class=\"gange_style_sessionplan_nSponsor_td_2_Tel\"><br><\/SPAN><a class=\"gange_style_sessionplan_nSponsor_2_link\" target=\"_blank\" href=\"https:\/\/www.ffn-neurologie.fr\">https:\/\/www.ffn-neurologie.fr<\/a><br><BR><SPAN class=\"gange_style_sessionplan_nSponsor_td_2_Nationality\">-<br><\/SPAN><BR><\/SPAN><\/td><\/tr><tr class=\"gange_style_sessionplan_nSponsor_tr_2_tr\"><td class=\"gange_style_sessionplan_nSponsor_td_2_Photo\"><a class=\"gange_style_sessionplan_nSponsor_2_link\" target=\"_blank\" href=\"\"><img decoding=\"async\" alt=\"Institut de G\u00e9rontologie des Alpes Maritimes\" src=\"https:\/\/xmlapp.lenagroup.eu\/gange\/9220\/images\/239.png\" width=\"auto\" height=\"150\"\/><\/a><\/td><td class=\"gange_style_sessionplan_nSponsor_td_2_Info\"><SPAN class=\"gange_style_sessionplan_nSponsor_2_CompanyName\"><H1 class=\"gange_style_sessionplan_nSponsor_2_Titolo_11143\">Institut de G\u00e9rontologie des Alpes Maritimes<\/H1><\/SPAN><SPAN class=\"gange_style_sessionplan_nSponsor_2_info2\"><BR><SPAN class=\"gange_style_sessionplan_nSponsor_td_2_Tel\"><br><\/SPAN><a class=\"gange_style_sessionplan_nSponsor_2_link\" target=\"_blank\" href=\"\"><\/a><br><BR><SPAN class=\"gange_style_sessionplan_nSponsor_td_2_Nationality\">-<br><\/SPAN><BR><\/SPAN><\/td><\/tr><\/table><\/div>\n\t\t\t\t<\/div>\n\t\t\t\t<\/div>\n\t\t\t\t\t<\/div>\n\t\t\t\t<\/div>\n\t\t\t\t<\/div>\n\t\t\r\n<!-- WeMeet Web(R) - Gange - All rights reserved: 2010 - 2025, plug-in for WordPress by Lena Group, https:\/\/lenagroup.net -->\r\n<div id=\"idGangeCookiesDiv1\" class=\"gange_CookiesDiv1\"><div id=\"idGangeCookiesDiv2\" class=\"gange_CookiesDiv2\"><form id=\"idGangeCookiesForm\" name=\"GangeCookiesForm\" action=\"#\" method=\"post\"><span id=\"idGangeCookiesSpan1\" class=\"gange_CookiesSpan1\">Nous utilisons des cookies pour vous garantir la meilleure exp\u00e9rience sur notre site Web.<\/span><span id=\"idGangeCookiesSpan2\" class=\"gange_CookiesSpan2\">Nous utilisons des cookies pour am\u00e9liorer l'analyse de nos services.<br>Vous pouvez autoriser ou bloquer les cookies en cliquant sur la case \u00e0 cocher situ\u00e9e \u00e0 droite de chaque cookie.<br><a href='https:\/\/lenagroup.net\/other\/cookies-policy\/' target='_blank'>Consultez notre politique de cookies<\/a>.<br>Google Analytics, J'accepte:<input id=\"idGangeCookiesAnalytics\" name=\"idGangeCookiesAnalytics\" type=\"checkbox\" checked=\"checked\" value=\"1\"><\/span><span id=\"idGangeCookiesSpanSubmit\" class=\"gange_CookiesSpanSubmit\"><input id=\"idGangeCookiesTag\" name=\"idGangeCookiesTag\" type=\"hidden\" value=\"##COOKIESGANGE##\"><input id=\"idGangeCookiesSubmit\" name=\"idGangeCookiesSubmit\" type=\"submit\" class=\"gange_CookiesSubmit\" value=\"Mettre \u00e0 jour mes pr\u00e9f\u00e9rences\"><\/span><\/form><\/div><\/div><script type=\"text\/javascript\"> $('body').css('overflow','hidden'); <\/script>\r\n<!-- WeMeet Web(R) - Gange - All rights reserved: 2010 - 2025, plug-in for WordPress by Lena Group, https:\/\/lenagroup.net -->\r\n <script type=\"text\/javascript\"> if (typeof(f_tFlgVISA) === typeof(Function))  \tf_tFlgVISA(null);  if (typeof(f_tFlgAllergia) === typeof(Function))  \tf_tFlgAllergia(null);  if (typeof(f_IDTipologia) === typeof(Function)) {  \tvar eObjTYPE = document.getElementById(\"id_IDTipologia\");  \tf_IDTipologia(eObjTYPE);  }  if (typeof(f_IDAttivita) === typeof(Function)) {  \tvar etFlgActivity = document.getElementById(\"id_IDAttivita\");  \tf_IDAttivita(etFlgActivity);  }  if (typeof(f_IDNazionalita) === typeof(Function)) {  \tvar etFlgNazionalita = document.getElementById(\"id_IDNazionalita\");  \tf_IDNazionalita(etFlgNazionalita);  }  if (typeof(f_IndFattIDNazione) === typeof(Function))  \tf_IndFattIDNazione(null);  if (typeof(f_IDDomanda15157) === typeof(Function)) {  \tvar etFlgDomanda15157 = document.getElementById(\"id_IDDomanda15157\");  \tif (etFlgDomanda15157 != null) {  \t\tf_IDDomanda15157(etFlgDomanda15157);  \t}  }  if (typeof(f_IDDomanda15162) === typeof(Function)) {  \tvar etFlgDomanda15162 = document.getElementById(\"id_IDDomanda15162\");  \tif (etFlgDomanda15162 != null) {  \t\tf_IDDomanda15162(etFlgDomanda15162);  \t}  }  if (typeof(f_IDDomanda15160) === typeof(Function)) {  \tvar etFlgDomanda15160 = document.getElementById(\"id_IDDomanda15160\");  \tif (etFlgDomanda15160 != null) {  \t\tf_IDDomanda15160(etFlgDomanda15160);  \t}  }  if (typeof(f_IDDomanda15171) === typeof(Function)) {  \tvar etFlgDomanda15171 = document.getElementById(\"id_IDDomanda15171\");  \tif (etFlgDomanda15171 != null) {  \t\tf_IDDomanda15171(etFlgDomanda15171);  \t}  }  if (typeof(f_IDDomanda15204) === typeof(Function)) {  \tvar etFlgDomanda15204 = document.getElementById(\"id_IDDomanda15204\");  \tif (etFlgDomanda15204 != null) {  \t\tf_IDDomanda15204(etFlgDomanda15204);  \t}  }  if (typeof(f_IDDomanda15169) === typeof(Function)) {  \tvar etFlgDomanda15169 = document.getElementById(\"id_IDDomanda15169\");  \tif (etFlgDomanda15169 != null) {  \t\tf_IDDomanda15169(etFlgDomanda15169);  \t}  }  <\/script>","protected":false},"excerpt":{"rendered":"<p>&#8211; Association Mon\u00e9gasque pour la Recherche sur la Maladie d&rsquo;Alzheimerhttps:\/\/ampa-monaco.com\/fr&#8211; Centre Hospitalier Princesse Gracehttps:\/\/www.chpg.mc&#8211; Centre Scientifique de Monacohttps:\/\/www.centrescientifique.mc\/fr&#8211; F\u00e9d\u00e9ration Fran\u00e7aise de Neurologiehttps:\/\/www.ffn-neurologie.fr&#8211; Institut de G\u00e9rontologie des Alpes Maritimes&#8211; Nous utilisons des cookies pour vous garantir la meilleure exp\u00e9rience sur notre&#8230;<\/p>\n","protected":false},"author":2,"featured_media":0,"parent":0,"menu_order":0,"comment_status":"closed","ping_status":"closed","template":"","meta":{"iawp_total_views":71,"footnotes":""},"class_list":["post-13446","page","type-page","status-publish","hentry"],"_links":{"self":[{"href":"https:\/\/www.homme-cerebral.org\/2025\/index.php?rest_route=\/wp\/v2\/pages\/13446","targetHints":{"allow":["GET"]}}],"collection":[{"href":"https:\/\/www.homme-cerebral.org\/2025\/index.php?rest_route=\/wp\/v2\/pages"}],"about":[{"href":"https:\/\/www.homme-cerebral.org\/2025\/index.php?rest_route=\/wp\/v2\/types\/page"}],"author":[{"embeddable":true,"href":"https:\/\/www.homme-cerebral.org\/2025\/index.php?rest_route=\/wp\/v2\/users\/2"}],"replies":[{"embeddable":true,"href":"https:\/\/www.homme-cerebral.org\/2025\/index.php?rest_route=%2Fwp%2Fv2%2Fcomments&post=13446"}],"version-history":[{"count":4,"href":"https:\/\/www.homme-cerebral.org\/2025\/index.php?rest_route=\/wp\/v2\/pages\/13446\/revisions"}],"predecessor-version":[{"id":13977,"href":"https:\/\/www.homme-cerebral.org\/2025\/index.php?rest_route=\/wp\/v2\/pages\/13446\/revisions\/13977"}],"wp:attachment":[{"href":"https:\/\/www.homme-cerebral.org\/2025\/index.php?rest_route=%2Fwp%2Fv2%2Fmedia&parent=13446"}],"curies":[{"name":"wp","href":"https:\/\/api.w.org\/{rel}","templated":true}]}}