{"id":13683,"date":"2024-11-14T14:57:06","date_gmt":"2024-11-14T14:57:06","guid":{"rendered":"https:\/\/www.homme-cerebral.org\/2025\/?page_id=13683"},"modified":"2024-11-15T09:21:32","modified_gmt":"2024-11-15T09:21:32","slug":"login","status":"publish","type":"page","link":"https:\/\/www.homme-cerebral.org\/2025\/?page_id=13683","title":{"rendered":"Connexion \/ Nouvelle inscription"},"content":{"rendered":"<h3 style=\"text-align: center;\"><strong>Samedi 8 mars 2025, 14h00<\/strong><\/h3>\n<h3 style=\"text-align: center;\"><strong>Grimaldi Forum, Monaco<\/strong><\/h3>\n<h3 style=\"text-align: center;\"><strong>Acc&egrave;s gratuit sur inscription<\/strong><\/h3>\n<p>&nbsp;<br \/>\n<\/p>\n\r\n<!-- WeMeet Web(R) - Gange - All rights reserved: 2010 - 2025, plug-in for WordPress by Lena Group, https:\/\/lenagroup.net -->\r\n<div id=\"idGangeCookiesDiv1\" class=\"gange_CookiesDiv1\"><div id=\"idGangeCookiesDiv2\" class=\"gange_CookiesDiv2\"><form id=\"idGangeCookiesForm\" name=\"GangeCookiesForm\" action=\"#\" method=\"post\"><span id=\"idGangeCookiesSpan1\" class=\"gange_CookiesSpan1\">Nous utilisons des cookies pour vous garantir la meilleure exp\u00e9rience sur notre site Web.<\/span><span id=\"idGangeCookiesSpan2\" class=\"gange_CookiesSpan2\">Nous utilisons des cookies pour am\u00e9liorer l'analyse de nos services.<br>Vous pouvez autoriser ou bloquer les cookies en cliquant sur la case \u00e0 cocher situ\u00e9e \u00e0 droite de chaque cookie.<br><a href='https:\/\/lenagroup.net\/other\/cookies-policy\/' target='_blank'>Consultez notre politique de cookies<\/a>.<br>Google Analytics, J'accepte:<input id=\"idGangeCookiesAnalytics\" name=\"idGangeCookiesAnalytics\" type=\"checkbox\" checked=\"checked\" value=\"1\"><\/span><span id=\"idGangeCookiesSpanSubmit\" class=\"gange_CookiesSpanSubmit\"><input id=\"idGangeCookiesTag\" name=\"idGangeCookiesTag\" type=\"hidden\" value=\"##COOKIESGANGE##\"><input id=\"idGangeCookiesSubmit\" name=\"idGangeCookiesSubmit\" type=\"submit\" class=\"gange_CookiesSubmit\" value=\"Mettre \u00e0 jour mes pr\u00e9f\u00e9rences\"><\/span><\/form><\/div><\/div><script type=\"text\/javascript\"> $('body').css('overflow','hidden'); <\/script>\r\n<!-- WeMeet Web(R) - Gange - All rights reserved: 2010 - 2025, plug-in for WordPress by Lena Group, https:\/\/lenagroup.net -->\r\n <script type=\"text\/javascript\"> if (typeof(f_tFlgVISA) === typeof(Function))  \tf_tFlgVISA(null);  if (typeof(f_tFlgAllergia) === typeof(Function))  \tf_tFlgAllergia(null);  if (typeof(f_IDTipologia) === typeof(Function)) {  \tvar eObjTYPE = document.getElementById(\"id_IDTipologia\");  \tf_IDTipologia(eObjTYPE);  }  if (typeof(f_IDAttivita) === typeof(Function)) {  \tvar etFlgActivity = document.getElementById(\"id_IDAttivita\");  \tf_IDAttivita(etFlgActivity);  }  if (typeof(f_IDNazionalita) === typeof(Function)) {  \tvar etFlgNazionalita = document.getElementById(\"id_IDNazionalita\");  \tf_IDNazionalita(etFlgNazionalita);  }  if (typeof(f_IndFattIDNazione) === typeof(Function))  \tf_IndFattIDNazione(null);  if (typeof(f_IDDomanda15157) === typeof(Function)) {  \tvar etFlgDomanda15157 = document.getElementById(\"id_IDDomanda15157\");  \tif (etFlgDomanda15157 != null) {  \t\tf_IDDomanda15157(etFlgDomanda15157);  \t}  }  if (typeof(f_IDDomanda15162) === typeof(Function)) {  \tvar etFlgDomanda15162 = document.getElementById(\"id_IDDomanda15162\");  \tif (etFlgDomanda15162 != null) {  \t\tf_IDDomanda15162(etFlgDomanda15162);  \t}  }  if (typeof(f_IDDomanda15160) === typeof(Function)) {  \tvar etFlgDomanda15160 = document.getElementById(\"id_IDDomanda15160\");  \tif (etFlgDomanda15160 != null) {  \t\tf_IDDomanda15160(etFlgDomanda15160);  \t}  }  if (typeof(f_IDDomanda15171) === typeof(Function)) {  \tvar etFlgDomanda15171 = document.getElementById(\"id_IDDomanda15171\");  \tif (etFlgDomanda15171 != null) {  \t\tf_IDDomanda15171(etFlgDomanda15171);  \t}  }  if (typeof(f_IDDomanda15204) === typeof(Function)) {  \tvar etFlgDomanda15204 = document.getElementById(\"id_IDDomanda15204\");  \tif (etFlgDomanda15204 != null) {  \t\tf_IDDomanda15204(etFlgDomanda15204);  \t}  }  if (typeof(f_IDDomanda15169) === typeof(Function)) {  \tvar etFlgDomanda15169 = document.getElementById(\"id_IDDomanda15169\");  \tif (etFlgDomanda15169 != null) {  \t\tf_IDDomanda15169(etFlgDomanda15169);  \t}  }  <\/script>","protected":false},"excerpt":{"rendered":"<p>Samedi 8 mars 2025, 14h00 Grimaldi Forum, Monaco Acc&egrave;s gratuit sur inscription &nbsp; Nous utilisons des cookies pour vous garantir la meilleure exp\u00e9rience sur notre site Web.Nous utilisons des cookies pour am\u00e9liorer l&rsquo;analyse de nos services.Vous pouvez autoriser ou bloquer&#8230;<\/p>\n","protected":false},"author":1,"featured_media":0,"parent":13673,"menu_order":18,"comment_status":"closed","ping_status":"closed","template":"","meta":{"iawp_total_views":1844,"footnotes":""},"class_list":["post-13683","page","type-page","status-publish","hentry"],"_links":{"self":[{"href":"https:\/\/www.homme-cerebral.org\/2025\/index.php?rest_route=\/wp\/v2\/pages\/13683","targetHints":{"allow":["GET"]}}],"collection":[{"href":"https:\/\/www.homme-cerebral.org\/2025\/index.php?rest_route=\/wp\/v2\/pages"}],"about":[{"href":"https:\/\/www.homme-cerebral.org\/2025\/index.php?rest_route=\/wp\/v2\/types\/page"}],"author":[{"embeddable":true,"href":"https:\/\/www.homme-cerebral.org\/2025\/index.php?rest_route=\/wp\/v2\/users\/1"}],"replies":[{"embeddable":true,"href":"https:\/\/www.homme-cerebral.org\/2025\/index.php?rest_route=%2Fwp%2Fv2%2Fcomments&post=13683"}],"version-history":[{"count":4,"href":"https:\/\/www.homme-cerebral.org\/2025\/index.php?rest_route=\/wp\/v2\/pages\/13683\/revisions"}],"predecessor-version":[{"id":13790,"href":"https:\/\/www.homme-cerebral.org\/2025\/index.php?rest_route=\/wp\/v2\/pages\/13683\/revisions\/13790"}],"up":[{"embeddable":true,"href":"https:\/\/www.homme-cerebral.org\/2025\/index.php?rest_route=\/wp\/v2\/pages\/13673"}],"wp:attachment":[{"href":"https:\/\/www.homme-cerebral.org\/2025\/index.php?rest_route=%2Fwp%2Fv2%2Fmedia&parent=13683"}],"curies":[{"name":"wp","href":"https:\/\/api.w.org\/{rel}","templated":true}]}}