{"id":229,"date":"2018-11-02T13:21:55","date_gmt":"2018-11-02T12:21:55","guid":{"rendered":"https:\/\/www.homme-cerebral.org\/?page_id=229"},"modified":"2021-04-15T15:55:24","modified_gmt":"2021-04-15T13:55:24","slug":"iscrizone-test","status":"publish","type":"page","link":"https:\/\/www.homme-cerebral.org\/?page_id=229","title":{"rendered":"se connecter &#8211; login"},"content":{"rendered":"<p style=\"text-align: center;\"><strong>La possibilit\u00e9 de r\u00e9pondre au questionnaire de satisfaction est maintenant cl\u00f4tur\u00e9, merci pour vos r\u00e9ponses. <\/strong><\/p>\n<p style=\"text-align: center;\"><em>The possibility to reply to the quality survey is now closed, thank you for your answers<\/em><\/p>\n[GANGE_LOGIN_FORM]\n[GANGE_LOGGED_START]<a href=\"https:\/\/www.homme-cerebral.org\/?page_id=236\">CONTINUER \/ <em>Continue<\/em> >>> <\/a>[GANGE_LOGGED_END]\n","protected":false},"excerpt":{"rendered":"<p>La possibilit\u00e9 de r\u00e9pondre au questionnaire de satisfaction est maintenant cl\u00f4tur\u00e9, merci pour vos r\u00e9ponses. The possibility to reply to [&hellip;]<\/p>\n","protected":false},"author":1,"featured_media":0,"parent":0,"menu_order":100,"comment_status":"closed","ping_status":"closed","template":"","meta":{"footnotes":""},"class_list":["post-229","page","type-page","status-publish","hentry"],"_links":{"self":[{"href":"https:\/\/www.homme-cerebral.org\/index.php?rest_route=\/wp\/v2\/pages\/229","targetHints":{"allow":["GET"]}}],"collection":[{"href":"https:\/\/www.homme-cerebral.org\/index.php?rest_route=\/wp\/v2\/pages"}],"about":[{"href":"https:\/\/www.homme-cerebral.org\/index.php?rest_route=\/wp\/v2\/types\/page"}],"author":[{"embeddable":true,"href":"https:\/\/www.homme-cerebral.org\/index.php?rest_route=\/wp\/v2\/users\/1"}],"replies":[{"embeddable":true,"href":"https:\/\/www.homme-cerebral.org\/index.php?rest_route=%2Fwp%2Fv2%2Fcomments&post=229"}],"version-history":[{"count":22,"href":"https:\/\/www.homme-cerebral.org\/index.php?rest_route=\/wp\/v2\/pages\/229\/revisions"}],"predecessor-version":[{"id":1372,"href":"https:\/\/www.homme-cerebral.org\/index.php?rest_route=\/wp\/v2\/pages\/229\/revisions\/1372"}],"wp:attachment":[{"href":"https:\/\/www.homme-cerebral.org\/index.php?rest_route=%2Fwp%2Fv2%2Fmedia&parent=229"}],"curies":[{"name":"wp","href":"https:\/\/api.w.org\/{rel}","templated":true}]}}