{"id":43,"date":"2018-10-01T10:38:13","date_gmt":"2018-10-01T08:38:13","guid":{"rendered":"https:\/\/www.homme-cerebral.org\/?page_id=43"},"modified":"2021-03-02T09:49:12","modified_gmt":"2021-03-02T08:49:12","slug":"pourquoi-monaco","status":"publish","type":"page","link":"https:\/\/www.homme-cerebral.org\/?page_id=43","title":{"rendered":"Pourquoi Monaco?"},"content":{"rendered":"[vc_row row_height_percent=&#8221;0&#8243; overlay_alpha=&#8221;50&#8243; gutter_size=&#8221;3&#8243; shift_y=&#8221;0&#8243;][vc_column column_width_percent=&#8221;100&#8243; gutter_size=&#8221;3&#8243; override_padding=&#8221;yes&#8221; column_padding=&#8221;2&#8243; back_color=&#8221;color-lxmt&#8221; overlay_color=&#8221;color-lxmt&#8221; overlay_alpha=&#8221;80&#8243; shift_x=&#8221;0&#8243; shift_y=&#8221;0&#8243; z_index=&#8221;0&#8243; medium_width=&#8221;0&#8243; mobile_width=&#8221;0&#8243; width=&#8221;1\/1&#8243;][vc_column_text css_animation=&#8221;right-t-left&#8221; animation_delay=&#8221;400&#8243;]La <strong>Principaut\u00e9 de Monaco<\/strong> dispose d\u2019un p\u00f4le de sant\u00e9 que beaucoup lui envient, par la qualit\u00e9 de ses \u00e9quipes et le niveau de ses \u00e9quipements dans de nombreuses sp\u00e9cialit\u00e9s.<\/p>\n<p>Parmi les diff\u00e9rents \u00e9tablissements de la Principaut\u00e9, le <strong>Centre de G\u00e9rontologie Clinique Rainier III<\/strong> traite toutes les exigences des plus \u00e2g\u00e9s, notamment les <strong>pathologies du cerveau<\/strong> qui atteignent si souvent les patients les plus fragiles. La Principaut\u00e9 est \u00e9galement dot\u00e9e d\u2019un<strong> Centre de Recherche<\/strong> ax\u00e9, entre autres, sur le domaine de la biologie et de la <strong>m\u00e9decine biom\u00e9dicale<\/strong> et porte une attention particuli\u00e8re sur les <strong>patients<\/strong> affect\u00e9s par des maladies <strong>neurod\u00e9g\u00e9n\u00e9ratives<\/strong>, \u00e0 travers notamment le travail de nombreuses associations pr\u00e9sentes sur son <strong>territoire<\/strong>.<\/p>\n<p><strong>Monaco<\/strong> a \u00e9galement une vocation internationale importante dans le domaine de la sant\u00e9 qui l\u2019incite \u00e0 \u00e9tablir des collaborations de recherche et de soins avec des \u00e9tablissements <strong>fran\u00e7ais<\/strong> et <strong>\u00e9trangers<\/strong>, mais aussi \u00e0 accueillir avec enthousiasme tout projet et id\u00e9e provenant des quatre coins du monde.<\/p>\n<p>Gr\u00e2ce \u00e0 la notori\u00e9t\u00e9 de son p\u00f4le sant\u00e9, \u00e0 ses relations <strong>internationales<\/strong> et \u00e0 l\u2019attractivit\u00e9 de la Principaut\u00e9, Monaco est un lieu privil\u00e9gi\u00e9 pour l\u2019organisation de conf\u00e9rences et de congr\u00e8s <strong>internationaux<\/strong> dans le <strong>domaine<\/strong> <strong>m\u00e9dical<\/strong>.<\/p>\n<p>Tous ces congr\u00e8s <strong>m\u00e9dicaux<\/strong> occupent une place particuli\u00e8re, qu\u2019ils soient organis\u00e9s \u00e0 l\u2019initiative de m\u00e9decins pratiquant \u00e0 Monaco, ou que la Principaut\u00e9 soit retenue par les <strong>responsables<\/strong> d\u2019un <strong>congr\u00e8s<\/strong> <strong>national<\/strong>, <strong>europ\u00e9en<\/strong>, voire <strong>mondial<\/strong>, ce qui est tr\u00e8s souvent le cas.[\/vc_column_text][\/vc_column][\/vc_row][vc_row row_height_percent=&#8221;0&#8243; override_padding=&#8221;yes&#8221; h_padding=&#8221;0&#8243; top_padding=&#8221;2&#8243; bottom_padding=&#8221;2&#8243; back_image=&#8221;29&#8243; parallax=&#8221;yes&#8221; overlay_color=&#8221;color-212071&#8243; overlay_alpha=&#8221;90&#8243; gutter_size=&#8221;3&#8243; shift_y=&#8221;0&#8243;][vc_column column_width_percent=&#8221;100&#8243; position_vertical=&#8221;middle&#8221; align_horizontal=&#8221;align_center&#8221; gutter_size=&#8221;3&#8243; style=&#8221;dark&#8221; overlay_alpha=&#8221;50&#8243; shift_x=&#8221;0&#8243; shift_y=&#8221;0&#8243; z_index=&#8221;0&#8243; medium_width=&#8221;0&#8243; mobile_width=&#8221;0&#8243; css_animation=&#8221;right-t-left&#8221; animation_delay=&#8221;600&#8243; width=&#8221;1\/6&#8243;][\/vc_column][vc_column column_width_percent=&#8221;100&#8243; position_vertical=&#8221;middle&#8221; align_horizontal=&#8221;align_center&#8221; gutter_size=&#8221;3&#8243; style=&#8221;dark&#8221; overlay_alpha=&#8221;50&#8243; shift_x=&#8221;0&#8243; shift_y=&#8221;0&#8243; z_index=&#8221;0&#8243; medium_width=&#8221;0&#8243; mobile_width=&#8221;0&#8243; css_animation=&#8221;left-t-right&#8221; width=&#8221;1\/3&#8243;][vc_button size=&#8221;btn-lg&#8221; border_animation=&#8221;btn-ripple-out&#8221; wide=&#8221;yes&#8221; link=&#8221;url:http%3A%2F%2Fwww.homme-cerebral.org%2F%3Fpage_id%3D41|||&#8221; icon=&#8221;fa fa-location-outline&#8221;]Pr\u00e9sentation[\/vc_button][\/vc_column][vc_column column_width_percent=&#8221;100&#8243; position_vertical=&#8221;middle&#8221; align_horizontal=&#8221;align_center&#8221; gutter_size=&#8221;3&#8243; style=&#8221;dark&#8221; overlay_alpha=&#8221;50&#8243; shift_x=&#8221;0&#8243; shift_y=&#8221;0&#8243; z_index=&#8221;0&#8243; medium_width=&#8221;0&#8243; mobile_width=&#8221;0&#8243; css_animation=&#8221;top-t-bottom&#8221; animation_delay=&#8221;300&#8243; width=&#8221;1\/3&#8243;][vc_button size=&#8221;btn-lg&#8221; border_animation=&#8221;btn-ripple-out&#8221; wide=&#8221;yes&#8221; link=&#8221;url:http%3A%2F%2Fwww.homme-cerebral.org%2F%3Fpage_id%3D45|||&#8221; icon=&#8221;fa fa-bookmark&#8221;]L\u2019Organisateur[\/vc_button][\/vc_column][vc_column width=&#8221;1\/6&#8243;][\/vc_column][\/vc_row]\n","protected":false},"excerpt":{"rendered":"<p>[vc_row row_height_percent=&#8221;0&#8243; overlay_alpha=&#8221;50&#8243; gutter_size=&#8221;3&#8243; shift_y=&#8221;0&#8243;][vc_column column_width_percent=&#8221;100&#8243; gutter_size=&#8221;3&#8243; override_padding=&#8221;yes&#8221; column_padding=&#8221;2&#8243; back_color=&#8221;color-lxmt&#8221; overlay_color=&#8221;color-lxmt&#8221; overlay_alpha=&#8221;80&#8243; shift_x=&#8221;0&#8243; shift_y=&#8221;0&#8243; z_index=&#8221;0&#8243; medium_width=&#8221;0&#8243; mobile_width=&#8221;0&#8243; width=&#8221;1\/1&#8243;][vc_column_text css_animation=&#8221;right-t-left&#8221; animation_delay=&#8221;400&#8243;]La [&hellip;]<\/p>\n","protected":false},"author":1,"featured_media":0,"parent":0,"menu_order":0,"comment_status":"closed","ping_status":"closed","template":"","meta":{"footnotes":""},"class_list":["post-43","page","type-page","status-publish","hentry"],"_links":{"self":[{"href":"https:\/\/www.homme-cerebral.org\/index.php?rest_route=\/wp\/v2\/pages\/43","targetHints":{"allow":["GET"]}}],"collection":[{"href":"https:\/\/www.homme-cerebral.org\/index.php?rest_route=\/wp\/v2\/pages"}],"about":[{"href":"https:\/\/www.homme-cerebral.org\/index.php?rest_route=\/wp\/v2\/types\/page"}],"author":[{"embeddable":true,"href":"https:\/\/www.homme-cerebral.org\/index.php?rest_route=\/wp\/v2\/users\/1"}],"replies":[{"embeddable":true,"href":"https:\/\/www.homme-cerebral.org\/index.php?rest_route=%2Fwp%2Fv2%2Fcomments&post=43"}],"version-history":[{"count":6,"href":"https:\/\/www.homme-cerebral.org\/index.php?rest_route=\/wp\/v2\/pages\/43\/revisions"}],"predecessor-version":[{"id":1163,"href":"https:\/\/www.homme-cerebral.org\/index.php?rest_route=\/wp\/v2\/pages\/43\/revisions\/1163"}],"wp:attachment":[{"href":"https:\/\/www.homme-cerebral.org\/index.php?rest_route=%2Fwp%2Fv2%2Fmedia&parent=43"}],"curies":[{"name":"wp","href":"https:\/\/api.w.org\/{rel}","templated":true}]}}