{"id":617,"date":"2019-04-17T12:05:13","date_gmt":"2019-04-17T10:05:13","guid":{"rendered":"https:\/\/www.homme-cerebral.org\/?page_id=617"},"modified":"2021-03-23T11:58:08","modified_gmt":"2021-03-23T10:58:08","slug":"la-conference-en-video","status":"publish","type":"page","link":"https:\/\/www.homme-cerebral.org\/?page_id=617","title":{"rendered":"La Conf\u00e9rence en vid\u00e9o 2019"},"content":{"rendered":"[vc_row row_height_percent=&#8221;0&#8243; overlay_alpha=&#8221;50&#8243; gutter_size=&#8221;3&#8243; column_width_percent=&#8221;100&#8243; shift_y=&#8221;0&#8243; z_index=&#8221;0&#8243; desktop_visibility=&#8221;yes&#8221; medium_visibility=&#8221;yes&#8221; mobile_visibility=&#8221;yes&#8221; shape_dividers=&#8221;&#8221;][vc_column width=&#8221;1\/1&#8243;][vc_column_text]\n<h2 style=\"text-align: center;\">La vid\u00e9o de la conf\u00e9rence 2021 sera disponible apr\u00e8s la conf\u00e9rence, mais jetez un coup d&#8217;oeil \u00e0 la vid\u00e9o de l&#8217;\u00e9dition 2019<\/h2>\n[\/vc_column_text][\/vc_column][\/vc_row][vc_row row_height_percent=&#8221;0&#8243; overlay_alpha=&#8221;50&#8243; equal_height=&#8221;yes&#8221; gutter_size=&#8221;3&#8243; column_width_percent=&#8221;100&#8243; shift_y=&#8221;0&#8243; z_index=&#8221;0&#8243;][vc_column column_width_percent=&#8221;100&#8243; position_vertical=&#8221;middle&#8221; gutter_size=&#8221;3&#8243; back_color=&#8221;color-lxmt&#8221; overlay_alpha=&#8221;50&#8243; shift_x=&#8221;0&#8243; shift_y=&#8221;0&#8243; z_index=&#8221;0&#8243; medium_width=&#8221;0&#8243; mobile_width=&#8221;0&#8243; width=&#8221;1\/2&#8243;][vc_column_text]\n<div class=\"row\">\n<div class=\"col-md-9 vcenter\">\n<div class=\"row\">\n<h2 class=\"col-md-12 event-title\">Premi\u00e8re Partie<\/h2>\n<\/div>\n<\/div>\n<\/div>\n<div class=\"row event-excerpt\">\n<div class=\"col-md-12\">\n<div class=\"row event-content\">\n<div class=\"col-md-8 col-md-offset-2\">\n<ul>\n<li><strong>Les cellules gliales, la moiti\u00e9 oubli\u00e9e du cerveau: leur r\u00f4le dans les maladies neurologiques et psychiatriques<\/strong><br \/>\n<em>Pierre Magistretti<\/em><\/li>\n<li><strong>La maladie d\u2019Alzheimer<\/strong><br \/>\n<em>Bruno Dubois<\/em><\/li>\n<li><strong>Le mariage de l\u2019Informatique moderne et de l\u2019imagerie c\u00e9r\u00e9brale pour vaincre l\u2019Alzheimer<br \/>\n<\/strong><em>Richard Frackowiak<\/em><\/li>\n<li><strong>Un nouveau regard sur les pathologies neurod\u00e9g\u00e9n\u00e9ratives: l\u2019eye tracking au Centre Rainier III<br \/>\n<\/strong><em>Kevin Polet<\/em><\/li>\n<\/ul>\n<\/div>\n<\/div>\n<\/div>\n<\/div>\n[\/vc_column_text][\/vc_column][vc_column column_width_percent=&#8221;100&#8243; position_vertical=&#8221;middle&#8221; align_horizontal=&#8221;align_center&#8221; gutter_size=&#8221;3&#8243; back_color=&#8221;color-lxmt&#8221; overlay_alpha=&#8221;50&#8243; shift_x=&#8221;0&#8243; shift_y=&#8221;0&#8243; z_index=&#8221;0&#8243; medium_width=&#8221;0&#8243; mobile_width=&#8221;0&#8243; width=&#8221;1\/2&#8243;][vc_raw_html]JTNDaWZyYW1lJTIwd2lkdGglM0QlMjI1NjAlMjIlMjBoZWlnaHQlM0QlMjIzMTUlMjIlMjBzcmMlM0QlMjJodHRwcyUzQSUyRiUyRnd3dy55b3V0dWJlLmNvbSUyRmVtYmVkJTJGRXpPOVJxVnlUTHclMjIlMjBmcmFtZWJvcmRlciUzRCUyMjAlMjIlMjBhbGxvdyUzRCUyMmFjY2VsZXJvbWV0ZXIlM0IlMjBhdXRvcGxheSUzQiUyMGVuY3J5cHRlZC1tZWRpYSUzQiUyMGd5cm9zY29wZSUzQiUyMHBpY3R1cmUtaW4tcGljdHVyZSUyMiUyMGFsbG93ZnVsbHNjcmVlbiUzRSUzQyUyRmlmcmFtZSUzRQ==[\/vc_raw_html][\/vc_column][\/vc_row][vc_row row_height_percent=&#8221;0&#8243; overlay_alpha=&#8221;50&#8243; equal_height=&#8221;yes&#8221; gutter_size=&#8221;3&#8243; column_width_percent=&#8221;100&#8243; shift_y=&#8221;0&#8243; z_index=&#8221;0&#8243;][vc_column column_width_percent=&#8221;100&#8243; position_vertical=&#8221;middle&#8221; gutter_size=&#8221;3&#8243; back_color=&#8221;color-lxmt&#8221; overlay_alpha=&#8221;50&#8243; shift_x=&#8221;0&#8243; shift_y=&#8221;0&#8243; z_index=&#8221;0&#8243; medium_width=&#8221;0&#8243; mobile_width=&#8221;0&#8243; width=&#8221;1\/2&#8243;][vc_column_text]\n<div class=\"row\">\n<div class=\"col-md-9 vcenter\">\n<div class=\"row\">\n<div class=\"row\">\n<div class=\"col-md-9 vcenter\">\n<div class=\"row\">\n<h2 class=\"col-md-12 event-title\">Deuxi\u00e8me partie<\/h2>\n<\/div>\n<\/div>\n<\/div>\n<div class=\"row event-excerpt\">\n<div class=\"col-md-12\">\n<div class=\"row event-content\">\n<div class=\"col-md-8 col-md-offset-2\">\n<ul>\n<li><strong>Cerveau et inconscient<\/strong><br \/>\n<em>Fran\u00e7ois Ansermet<\/em><\/li>\n<li><strong>Approche th\u00e9rapeutique par neuromodulation des troubles psychiques<\/strong><br \/>\n<em>David Szekely<\/em><\/li>\n<li><strong>Neurotechnologies pour r\u00e9parer le syst\u00e8me nerveux<\/strong><br \/>\n<em>Gr\u00e9goire Courtine<\/em><\/li>\n<\/ul>\n<\/div>\n<\/div>\n<\/div>\n<\/div>\n<\/div>\n<\/div>\n<\/div>\n[\/vc_column_text][\/vc_column][vc_column column_width_percent=&#8221;100&#8243; position_vertical=&#8221;middle&#8221; align_horizontal=&#8221;align_center&#8221; gutter_size=&#8221;3&#8243; back_color=&#8221;color-lxmt&#8221; overlay_alpha=&#8221;50&#8243; shift_x=&#8221;0&#8243; shift_y=&#8221;0&#8243; z_index=&#8221;0&#8243; medium_width=&#8221;0&#8243; mobile_width=&#8221;0&#8243; width=&#8221;1\/2&#8243;][vc_raw_html]JTNDaWZyYW1lJTIwd2lkdGglM0QlMjI1NjAlMjIlMjBoZWlnaHQlM0QlMjIzMTUlMjIlMjBzcmMlM0QlMjJodHRwcyUzQSUyRiUyRnd3dy55b3V0dWJlLmNvbSUyRmVtYmVkJTJGd1RwRG5IQzZQNjQlMjIlMjBmcmFtZWJvcmRlciUzRCUyMjAlMjIlMjBhbGxvdyUzRCUyMmFjY2VsZXJvbWV0ZXIlM0IlMjBhdXRvcGxheSUzQiUyMGVuY3J5cHRlZC1tZWRpYSUzQiUyMGd5cm9zY29wZSUzQiUyMHBpY3R1cmUtaW4tcGljdHVyZSUyMiUyMGFsbG93ZnVsbHNjcmVlbiUzRSUzQyUyRmlmcmFtZSUzRQ==[\/vc_raw_html][\/vc_column][\/vc_row]\n","protected":false},"excerpt":{"rendered":"<p>[vc_row row_height_percent=&#8221;0&#8243; overlay_alpha=&#8221;50&#8243; gutter_size=&#8221;3&#8243; column_width_percent=&#8221;100&#8243; shift_y=&#8221;0&#8243; z_index=&#8221;0&#8243; desktop_visibility=&#8221;yes&#8221; medium_visibility=&#8221;yes&#8221; mobile_visibility=&#8221;yes&#8221; shape_dividers=&#8221;&#8221;][vc_column width=&#8221;1\/1&#8243;][vc_column_text] La vid\u00e9o de la conf\u00e9rence 2021 sera disponible [&hellip;]<\/p>\n","protected":false},"author":1,"featured_media":0,"parent":0,"menu_order":6,"comment_status":"closed","ping_status":"closed","template":"","meta":{"footnotes":""},"class_list":["post-617","page","type-page","status-publish","hentry"],"_links":{"self":[{"href":"https:\/\/www.homme-cerebral.org\/index.php?rest_route=\/wp\/v2\/pages\/617","targetHints":{"allow":["GET"]}}],"collection":[{"href":"https:\/\/www.homme-cerebral.org\/index.php?rest_route=\/wp\/v2\/pages"}],"about":[{"href":"https:\/\/www.homme-cerebral.org\/index.php?rest_route=\/wp\/v2\/types\/page"}],"author":[{"embeddable":true,"href":"https:\/\/www.homme-cerebral.org\/index.php?rest_route=\/wp\/v2\/users\/1"}],"replies":[{"embeddable":true,"href":"https:\/\/www.homme-cerebral.org\/index.php?rest_route=%2Fwp%2Fv2%2Fcomments&post=617"}],"version-history":[{"count":10,"href":"https:\/\/www.homme-cerebral.org\/index.php?rest_route=\/wp\/v2\/pages\/617\/revisions"}],"predecessor-version":[{"id":1358,"href":"https:\/\/www.homme-cerebral.org\/index.php?rest_route=\/wp\/v2\/pages\/617\/revisions\/1358"}],"wp:attachment":[{"href":"https:\/\/www.homme-cerebral.org\/index.php?rest_route=%2Fwp%2Fv2%2Fmedia&parent=617"}],"curies":[{"name":"wp","href":"https:\/\/api.w.org\/{rel}","templated":true}]}}